{"id":2,"date":"2020-09-22T12:13:48","date_gmt":"2020-09-22T12:13:48","guid":{"rendered":"http:\/\/www.sykl.digidaktik.dk\/?page_id=2"},"modified":"2020-12-01T12:47:17","modified_gmt":"2020-12-01T12:47:17","slug":"kontakt","status":"publish","type":"page","link":"https:\/\/sykl.digidaktik.dk\/index.php\/om-sykl\/kontakt\/","title":{"rendered":"Kontakt"},"content":{"rendered":"\t\t<div data-elementor-type=\"wp-page\" data-elementor-id=\"2\" class=\"elementor elementor-2\" data-elementor-settings=\"[]\">\n\t\t\t\t\t\t<div class=\"elementor-inner\">\n\t\t\t\t\t\t\t<div class=\"elementor-section-wrap\">\n\t\t\t\t\t\t\t<section class=\"elementor-section elementor-top-section elementor-element elementor-element-5261a7bf elementor-section-boxed elementor-section-height-default elementor-section-height-default\" data-id=\"5261a7bf\" data-element_type=\"section\">\n\t\t\t\t\t\t<div class=\"elementor-container elementor-column-gap-default\">\n\t\t\t\t\t\t\t<div class=\"elementor-row\">\n\t\t\t\t\t<div class=\"elementor-column elementor-col-100 elementor-top-column elementor-element elementor-element-75d69035\" data-id=\"75d69035\" data-element_type=\"column\">\n\t\t\t<div class=\"elementor-column-wrap elementor-element-populated\">\n\t\t\t\t\t\t\t<div class=\"elementor-widget-wrap\">\n\t\t\t\t\t\t<section class=\"elementor-section elementor-inner-section elementor-element elementor-element-6b64799 elementor-section-boxed elementor-section-height-default elementor-section-height-default\" data-id=\"6b64799\" data-element_type=\"section\">\n\t\t\t\t\t\t<div class=\"elementor-container elementor-column-gap-default\">\n\t\t\t\t\t\t\t<div class=\"elementor-row\">\n\t\t\t\t\t<div class=\"elementor-column elementor-col-50 elementor-inner-column elementor-element elementor-element-47a4b7d\" data-id=\"47a4b7d\" data-element_type=\"column\">\n\t\t\t<div class=\"elementor-column-wrap elementor-element-populated\">\n\t\t\t\t\t\t\t<div class=\"elementor-widget-wrap\">\n\t\t\t\t\t\t<div class=\"elementor-element elementor-element-9975143 elementor-widget elementor-widget-image\" data-id=\"9975143\" data-element_type=\"widget\" data-widget_type=\"image.default\">\n\t\t\t\t<div class=\"elementor-widget-container\">\n\t\t\t\t\t\t\t\t<div class=\"elementor-image\">\n\t\t\t\t\t\t\t\t\t\t\t\t<img width=\"984\" height=\"1024\" src=\"https:\/\/sykl.digidaktik.dk\/wp-content\/uploads\/2020\/12\/Maria-Christina-Secher-Schmidt_groen-984x1024.jpg\" class=\"attachment-large size-large\" alt=\"\" loading=\"lazy\" srcset=\"https:\/\/sykl.digidaktik.dk\/wp-content\/uploads\/2020\/12\/Maria-Christina-Secher-Schmidt_groen-984x1024.jpg 984w, https:\/\/sykl.digidaktik.dk\/wp-content\/uploads\/2020\/12\/Maria-Christina-Secher-Schmidt_groen-288x300.jpg 288w, https:\/\/sykl.digidaktik.dk\/wp-content\/uploads\/2020\/12\/Maria-Christina-Secher-Schmidt_groen-768x800.jpg 768w, https:\/\/sykl.digidaktik.dk\/wp-content\/uploads\/2020\/12\/Maria-Christina-Secher-Schmidt_groen-1475x1536.jpg 1475w, https:\/\/sykl.digidaktik.dk\/wp-content\/uploads\/2020\/12\/Maria-Christina-Secher-Schmidt_groen-830x864.jpg 830w, https:\/\/sykl.digidaktik.dk\/wp-content\/uploads\/2020\/12\/Maria-Christina-Secher-Schmidt_groen-230x239.jpg 230w, https:\/\/sykl.digidaktik.dk\/wp-content\/uploads\/2020\/12\/Maria-Christina-Secher-Schmidt_groen-350x364.jpg 350w, https:\/\/sykl.digidaktik.dk\/wp-content\/uploads\/2020\/12\/Maria-Christina-Secher-Schmidt_groen-480x500.jpg 480w, https:\/\/sykl.digidaktik.dk\/wp-content\/uploads\/2020\/12\/Maria-Christina-Secher-Schmidt_groen.jpg 1921w\" sizes=\"(max-width: 984px) 100vw, 984px\" \/>\t\t\t\t\t\t\t\t\t\t\t\t\t\t<\/div>\n\t\t\t\t\t\t<\/div>\n\t\t\t\t<\/div>\n\t\t\t\t\t\t<\/div>\n\t\t\t\t\t<\/div>\n\t\t<\/div>\n\t\t\t\t<div class=\"elementor-column elementor-col-50 elementor-inner-column elementor-element elementor-element-c5e558a\" data-id=\"c5e558a\" data-element_type=\"column\">\n\t\t\t<div class=\"elementor-column-wrap elementor-element-populated\">\n\t\t\t\t\t\t\t<div class=\"elementor-widget-wrap\">\n\t\t\t\t\t\t<div class=\"elementor-element elementor-element-1cd9fe0 elementor-widget elementor-widget-text-editor\" data-id=\"1cd9fe0\" data-element_type=\"widget\" data-widget_type=\"text-editor.default\">\n\t\t\t\t<div class=\"elementor-widget-container\">\n\t\t\t\t\t\t\t\t<div class=\"elementor-text-editor elementor-clearfix\">\n\t\t\t\t\t<p><strong>Maria Christina Secher Schmidt<\/strong> <br \/>Lektor, Ph.d., Programansvarlig for FoU programmet Diversitet og Deltagelse <br \/><br \/>Institut for L\u00e6reruddannelse <br \/>+45 5163 2743 <br \/><strong>mrsc@kp.dk<\/strong><\/p>\n<p>K\u00f8benhavns Professionsh\u00f8jskole <br \/>Nyelandsvej 27-29 <br \/>2000 Frederiksberg<\/p>\t\t\t\t\t<\/div>\n\t\t\t\t\t\t<\/div>\n\t\t\t\t<\/div>\n\t\t\t\t\t\t<\/div>\n\t\t\t\t\t<\/div>\n\t\t<\/div>\n\t\t\t\t\t\t\t\t<\/div>\n\t\t\t\t\t<\/div>\n\t\t<\/section>\n\t\t\t\t<div class=\"elementor-element elementor-element-fb0678b elementor-widget elementor-widget-text-editor\" data-id=\"fb0678b\" data-element_type=\"widget\" data-widget_type=\"text-editor.default\">\n\t\t\t\t<div class=\"elementor-widget-container\">\n\t\t\t\t\t\t\t\t<div class=\"elementor-text-editor elementor-clearfix\">\n\t\t\t\t\t\t\t\t\t\t<\/div>\n\t\t\t\t\t\t<\/div>\n\t\t\t\t<\/div>\n\t\t\t\t<div class=\"elementor-element elementor-element-5a5bc12f elementor-widget elementor-widget-text-editor\" data-id=\"5a5bc12f\" data-element_type=\"widget\" data-widget_type=\"text-editor.default\">\n\t\t\t\t<div class=\"elementor-widget-container\">\n\t\t\t\t\t\t\t\t<div class=\"elementor-text-editor elementor-clearfix\">\n\t\t\t\t\t\t\t\t\t\t<\/div>\n\t\t\t\t\t\t<\/div>\n\t\t\t\t<\/div>\n\t\t\t\t\t\t<\/div>\n\t\t\t\t\t<\/div>\n\t\t<\/div>\n\t\t\t\t\t\t\t\t<\/div>\n\t\t\t\t\t<\/div>\n\t\t<\/section>\n\t\t\t\t\t\t<\/div>\n\t\t\t\t\t\t<\/div>\n\t\t\t\t\t<\/div>\n\t\t","protected":false},"excerpt":{"rendered":"<p>Maria Christina Secher Schmidt Lektor, Ph.d., Programansvarlig for FoU programmet Diversitet og Deltagelse Institut for L\u00e6reruddannelse +45 5163 2743 mrsc@kp.dk K\u00f8benhavns Professionsh\u00f8jskole Nyelandsvej 27-29 2000 Frederiksberg<\/p>\n","protected":false},"author":1,"featured_media":0,"parent":152,"menu_order":0,"comment_status":"closed","ping_status":"open","template":"","meta":[],"_links":{"self":[{"href":"https:\/\/sykl.digidaktik.dk\/index.php\/wp-json\/wp\/v2\/pages\/2"}],"collection":[{"href":"https:\/\/sykl.digidaktik.dk\/index.php\/wp-json\/wp\/v2\/pages"}],"about":[{"href":"https:\/\/sykl.digidaktik.dk\/index.php\/wp-json\/wp\/v2\/types\/page"}],"author":[{"embeddable":true,"href":"https:\/\/sykl.digidaktik.dk\/index.php\/wp-json\/wp\/v2\/users\/1"}],"replies":[{"embeddable":true,"href":"https:\/\/sykl.digidaktik.dk\/index.php\/wp-json\/wp\/v2\/comments?post=2"}],"version-history":[{"count":9,"href":"https:\/\/sykl.digidaktik.dk\/index.php\/wp-json\/wp\/v2\/pages\/2\/revisions"}],"predecessor-version":[{"id":472,"href":"https:\/\/sykl.digidaktik.dk\/index.php\/wp-json\/wp\/v2\/pages\/2\/revisions\/472"}],"up":[{"embeddable":true,"href":"https:\/\/sykl.digidaktik.dk\/index.php\/wp-json\/wp\/v2\/pages\/152"}],"wp:attachment":[{"href":"https:\/\/sykl.digidaktik.dk\/index.php\/wp-json\/wp\/v2\/media?parent=2"}],"curies":[{"name":"wp","href":"https:\/\/api.w.org\/{rel}","templated":true}]}}