{"id":158,"date":"2020-09-24T09:12:41","date_gmt":"2020-09-24T09:12:41","guid":{"rendered":"http:\/\/www.sykl.digidaktik.dk\/?page_id=158"},"modified":"2020-12-06T19:47:09","modified_gmt":"2020-12-06T19:47:09","slug":"hvem-har-stoettet","status":"publish","type":"page","link":"https:\/\/sykl.digidaktik.dk\/index.php\/om-sykl\/hvem-har-stoettet\/","title":{"rendered":"Hvem har st\u00f8ttet?"},"content":{"rendered":"\t\t<div data-elementor-type=\"wp-page\" data-elementor-id=\"158\" class=\"elementor elementor-158\" data-elementor-settings=\"[]\">\n\t\t\t\t\t\t<div class=\"elementor-inner\">\n\t\t\t\t\t\t\t<div class=\"elementor-section-wrap\">\n\t\t\t\t\t\t\t<section class=\"elementor-section elementor-top-section elementor-element elementor-element-10645be elementor-section-boxed elementor-section-height-default elementor-section-height-default\" data-id=\"10645be\" data-element_type=\"section\">\n\t\t\t\t\t\t<div class=\"elementor-container elementor-column-gap-default\">\n\t\t\t\t\t\t\t<div class=\"elementor-row\">\n\t\t\t\t\t<div class=\"elementor-column elementor-col-100 elementor-top-column elementor-element elementor-element-9da99b1\" data-id=\"9da99b1\" data-element_type=\"column\">\n\t\t\t<div class=\"elementor-column-wrap elementor-element-populated\">\n\t\t\t\t\t\t\t<div class=\"elementor-widget-wrap\">\n\t\t\t\t\t\t<div class=\"elementor-element elementor-element-daf4f7e elementor-widget elementor-widget-spacer\" data-id=\"daf4f7e\" data-element_type=\"widget\" data-widget_type=\"spacer.default\">\n\t\t\t\t<div class=\"elementor-widget-container\">\n\t\t\t\t\t<div class=\"elementor-spacer\">\n\t\t\t<div class=\"elementor-spacer-inner\"><\/div>\n\t\t<\/div>\n\t\t\t\t<\/div>\n\t\t\t\t<\/div>\n\t\t\t\t<section class=\"elementor-section elementor-inner-section elementor-element elementor-element-b68f307 elementor-section-boxed elementor-section-height-default elementor-section-height-default\" data-id=\"b68f307\" data-element_type=\"section\">\n\t\t\t\t\t\t<div class=\"elementor-container elementor-column-gap-default\">\n\t\t\t\t\t\t\t<div class=\"elementor-row\">\n\t\t\t\t\t<div class=\"elementor-column elementor-col-50 elementor-inner-column elementor-element elementor-element-f379ffb\" data-id=\"f379ffb\" data-element_type=\"column\">\n\t\t\t<div class=\"elementor-column-wrap elementor-element-populated\">\n\t\t\t\t\t\t\t<div class=\"elementor-widget-wrap\">\n\t\t\t\t\t\t<div class=\"elementor-element elementor-element-3edbeca elementor-widget elementor-widget-image\" data-id=\"3edbeca\" data-element_type=\"widget\" data-widget_type=\"image.default\">\n\t\t\t\t<div class=\"elementor-widget-container\">\n\t\t\t\t\t\t\t\t<div class=\"elementor-image\">\n\t\t\t\t\t\t\t\t\t\t\t\t<img width=\"300\" height=\"217\" src=\"https:\/\/sykl.digidaktik.dk\/wp-content\/uploads\/2020\/12\/nnf_blue_RGB_55pct_opacity-1-300x217.png\" class=\"attachment-medium size-medium\" alt=\"\" loading=\"lazy\" srcset=\"https:\/\/sykl.digidaktik.dk\/wp-content\/uploads\/2020\/12\/nnf_blue_RGB_55pct_opacity-1-300x217.png 300w, https:\/\/sykl.digidaktik.dk\/wp-content\/uploads\/2020\/12\/nnf_blue_RGB_55pct_opacity-1-1024x739.png 1024w, https:\/\/sykl.digidaktik.dk\/wp-content\/uploads\/2020\/12\/nnf_blue_RGB_55pct_opacity-1-768x555.png 768w, https:\/\/sykl.digidaktik.dk\/wp-content\/uploads\/2020\/12\/nnf_blue_RGB_55pct_opacity-1-1536x1109.png 1536w, https:\/\/sykl.digidaktik.dk\/wp-content\/uploads\/2020\/12\/nnf_blue_RGB_55pct_opacity-1-2048x1479.png 2048w, https:\/\/sykl.digidaktik.dk\/wp-content\/uploads\/2020\/12\/nnf_blue_RGB_55pct_opacity-1-830x599.png 830w, https:\/\/sykl.digidaktik.dk\/wp-content\/uploads\/2020\/12\/nnf_blue_RGB_55pct_opacity-1-550x400.png 550w, https:\/\/sykl.digidaktik.dk\/wp-content\/uploads\/2020\/12\/nnf_blue_RGB_55pct_opacity-1-230x166.png 230w, https:\/\/sykl.digidaktik.dk\/wp-content\/uploads\/2020\/12\/nnf_blue_RGB_55pct_opacity-1-350x253.png 350w, https:\/\/sykl.digidaktik.dk\/wp-content\/uploads\/2020\/12\/nnf_blue_RGB_55pct_opacity-1-480x347.png 480w\" sizes=\"(max-width: 300px) 100vw, 300px\" \/>\t\t\t\t\t\t\t\t\t\t\t\t\t\t<\/div>\n\t\t\t\t\t\t<\/div>\n\t\t\t\t<\/div>\n\t\t\t\t\t\t<\/div>\n\t\t\t\t\t<\/div>\n\t\t<\/div>\n\t\t\t\t<div class=\"elementor-column elementor-col-50 elementor-inner-column elementor-element elementor-element-9b1065b\" data-id=\"9b1065b\" data-element_type=\"column\">\n\t\t\t<div class=\"elementor-column-wrap elementor-element-populated\">\n\t\t\t\t\t\t\t<div class=\"elementor-widget-wrap\">\n\t\t\t\t\t\t<div class=\"elementor-element elementor-element-abc0218 elementor-widget elementor-widget-heading\" data-id=\"abc0218\" data-element_type=\"widget\" data-widget_type=\"heading.default\">\n\t\t\t\t<div class=\"elementor-widget-container\">\n\t\t\t<h2 class=\"elementor-heading-title elementor-size-medium\"><a href=\"https:\/\/novonordiskfonden.dk\/da\/nyheder\/matematikken-kommer-i-spil-med-nye-projekter-i-hele-landet\/\">Novo Nordisk Fonden har st\u00f8ttet SYKL med 4,8 millioner kroner<\/a><\/h2>\t\t<\/div>\n\t\t\t\t<\/div>\n\t\t\t\t\t\t<\/div>\n\t\t\t\t\t<\/div>\n\t\t<\/div>\n\t\t\t\t\t\t\t\t<\/div>\n\t\t\t\t\t<\/div>\n\t\t<\/section>\n\t\t\t\t\t\t<\/div>\n\t\t\t\t\t<\/div>\n\t\t<\/div>\n\t\t\t\t\t\t\t\t<\/div>\n\t\t\t\t\t<\/div>\n\t\t<\/section>\n\t\t\t\t<section class=\"elementor-section elementor-top-section elementor-element elementor-element-2ad0635 elementor-section-boxed elementor-section-height-default elementor-section-height-default\" data-id=\"2ad0635\" data-element_type=\"section\">\n\t\t\t\t\t\t<div class=\"elementor-container elementor-column-gap-default\">\n\t\t\t\t\t\t\t<div class=\"elementor-row\">\n\t\t\t\t\t<div class=\"elementor-column elementor-col-100 elementor-top-column elementor-element elementor-element-2e86400\" data-id=\"2e86400\" data-element_type=\"column\">\n\t\t\t<div class=\"elementor-column-wrap elementor-element-populated\">\n\t\t\t\t\t\t\t<div class=\"elementor-widget-wrap\">\n\t\t\t\t\t\t<div class=\"elementor-element elementor-element-a19b122 elementor-widget elementor-widget-spacer\" data-id=\"a19b122\" data-element_type=\"widget\" data-widget_type=\"spacer.default\">\n\t\t\t\t<div class=\"elementor-widget-container\">\n\t\t\t\t\t<div class=\"elementor-spacer\">\n\t\t\t<div class=\"elementor-spacer-inner\"><\/div>\n\t\t<\/div>\n\t\t\t\t<\/div>\n\t\t\t\t<\/div>\n\t\t\t\t<section class=\"elementor-section elementor-inner-section elementor-element elementor-element-00a6980 elementor-section-boxed elementor-section-height-default elementor-section-height-default\" data-id=\"00a6980\" data-element_type=\"section\">\n\t\t\t\t\t\t<div class=\"elementor-container elementor-column-gap-default\">\n\t\t\t\t\t\t\t<div class=\"elementor-row\">\n\t\t\t\t\t<div class=\"elementor-column elementor-col-50 elementor-inner-column elementor-element elementor-element-9f38e96\" data-id=\"9f38e96\" data-element_type=\"column\">\n\t\t\t<div class=\"elementor-column-wrap elementor-element-populated\">\n\t\t\t\t\t\t\t<div class=\"elementor-widget-wrap\">\n\t\t\t\t\t\t<div class=\"elementor-element elementor-element-efac6db elementor-widget elementor-widget-image\" data-id=\"efac6db\" data-element_type=\"widget\" data-widget_type=\"image.default\">\n\t\t\t\t<div class=\"elementor-widget-container\">\n\t\t\t\t\t\t\t\t<div class=\"elementor-image\">\n\t\t\t\t\t\t\t\t\t\t\t\t<img width=\"885\" height=\"484\" src=\"https:\/\/sykl.digidaktik.dk\/wp-content\/uploads\/2020\/12\/Skaermbillede-2015-11-25-kl.-14.27.53.png\" class=\"attachment-large size-large\" alt=\"\" loading=\"lazy\" srcset=\"https:\/\/sykl.digidaktik.dk\/wp-content\/uploads\/2020\/12\/Skaermbillede-2015-11-25-kl.-14.27.53.png 885w, https:\/\/sykl.digidaktik.dk\/wp-content\/uploads\/2020\/12\/Skaermbillede-2015-11-25-kl.-14.27.53-300x164.png 300w, https:\/\/sykl.digidaktik.dk\/wp-content\/uploads\/2020\/12\/Skaermbillede-2015-11-25-kl.-14.27.53-768x420.png 768w, https:\/\/sykl.digidaktik.dk\/wp-content\/uploads\/2020\/12\/Skaermbillede-2015-11-25-kl.-14.27.53-830x454.png 830w, https:\/\/sykl.digidaktik.dk\/wp-content\/uploads\/2020\/12\/Skaermbillede-2015-11-25-kl.-14.27.53-230x126.png 230w, https:\/\/sykl.digidaktik.dk\/wp-content\/uploads\/2020\/12\/Skaermbillede-2015-11-25-kl.-14.27.53-350x191.png 350w, https:\/\/sykl.digidaktik.dk\/wp-content\/uploads\/2020\/12\/Skaermbillede-2015-11-25-kl.-14.27.53-480x263.png 480w\" sizes=\"(max-width: 885px) 100vw, 885px\" \/>\t\t\t\t\t\t\t\t\t\t\t\t\t\t<\/div>\n\t\t\t\t\t\t<\/div>\n\t\t\t\t<\/div>\n\t\t\t\t\t\t<\/div>\n\t\t\t\t\t<\/div>\n\t\t<\/div>\n\t\t\t\t<div class=\"elementor-column elementor-col-50 elementor-inner-column elementor-element elementor-element-a9d69c6\" data-id=\"a9d69c6\" data-element_type=\"column\">\n\t\t\t<div class=\"elementor-column-wrap elementor-element-populated\">\n\t\t\t\t\t\t\t<div class=\"elementor-widget-wrap\">\n\t\t\t\t\t\t<div class=\"elementor-element elementor-element-9ef2748 elementor-widget elementor-widget-heading\" data-id=\"9ef2748\" data-element_type=\"widget\" data-widget_type=\"heading.default\">\n\t\t\t\t<div class=\"elementor-widget-container\">\n\t\t\t<h2 class=\"elementor-heading-title elementor-size-medium\"><a href=\"https:\/\/www.apmollerfonde.dk\/folkeskolen\/projekter\/almen-professionsudvikling\/#!?id=11195\">A. P. M\u00f8ller Fonden har st\u00f8ttet SYKL med 1,2 millioner kroner<\/a><\/h2>\t\t<\/div>\n\t\t\t\t<\/div>\n\t\t\t\t\t\t<\/div>\n\t\t\t\t\t<\/div>\n\t\t<\/div>\n\t\t\t\t\t\t\t\t<\/div>\n\t\t\t\t\t<\/div>\n\t\t<\/section>\n\t\t\t\t\t\t<\/div>\n\t\t\t\t\t<\/div>\n\t\t<\/div>\n\t\t\t\t\t\t\t\t<\/div>\n\t\t\t\t\t<\/div>\n\t\t<\/section>\n\t\t\t\t\t\t<\/div>\n\t\t\t\t\t\t<\/div>\n\t\t\t\t\t<\/div>\n\t\t","protected":false},"excerpt":{"rendered":"<p>Novo Nordisk Fonden har st\u00f8ttet SYKL med 4,8 millioner kroner A. P. M\u00f8ller Fonden har st\u00f8ttet SYKL med 1,2 millioner kroner<\/p>\n","protected":false},"author":1,"featured_media":0,"parent":152,"menu_order":0,"comment_status":"closed","ping_status":"closed","template":"","meta":[],"_links":{"self":[{"href":"https:\/\/sykl.digidaktik.dk\/index.php\/wp-json\/wp\/v2\/pages\/158"}],"collection":[{"href":"https:\/\/sykl.digidaktik.dk\/index.php\/wp-json\/wp\/v2\/pages"}],"about":[{"href":"https:\/\/sykl.digidaktik.dk\/index.php\/wp-json\/wp\/v2\/types\/page"}],"author":[{"embeddable":true,"href":"https:\/\/sykl.digidaktik.dk\/index.php\/wp-json\/wp\/v2\/users\/1"}],"replies":[{"embeddable":true,"href":"https:\/\/sykl.digidaktik.dk\/index.php\/wp-json\/wp\/v2\/comments?post=158"}],"version-history":[{"count":16,"href":"https:\/\/sykl.digidaktik.dk\/index.php\/wp-json\/wp\/v2\/pages\/158\/revisions"}],"predecessor-version":[{"id":533,"href":"https:\/\/sykl.digidaktik.dk\/index.php\/wp-json\/wp\/v2\/pages\/158\/revisions\/533"}],"up":[{"embeddable":true,"href":"https:\/\/sykl.digidaktik.dk\/index.php\/wp-json\/wp\/v2\/pages\/152"}],"wp:attachment":[{"href":"https:\/\/sykl.digidaktik.dk\/index.php\/wp-json\/wp\/v2\/media?parent=158"}],"curies":[{"name":"wp","href":"https:\/\/api.w.org\/{rel}","templated":true}]}}