{"id":156,"date":"2020-09-24T09:11:43","date_gmt":"2020-09-24T09:11:43","guid":{"rendered":"http:\/\/www.sykl.digidaktik.dk\/?page_id=156"},"modified":"2021-06-02T07:50:07","modified_gmt":"2021-06-02T07:50:07","slug":"presse","status":"publish","type":"page","link":"https:\/\/sykl.digidaktik.dk\/index.php\/om-sykl\/presse\/","title":{"rendered":"Presse"},"content":{"rendered":"\t\t<div data-elementor-type=\"wp-page\" data-elementor-id=\"156\" class=\"elementor elementor-156\" data-elementor-settings=\"[]\">\n\t\t\t\t\t\t<div class=\"elementor-inner\">\n\t\t\t\t\t\t\t<div class=\"elementor-section-wrap\">\n\t\t\t\t\t\t\t<section class=\"elementor-section elementor-top-section elementor-element elementor-element-745e694 elementor-section-boxed elementor-section-height-default elementor-section-height-default\" data-id=\"745e694\" data-element_type=\"section\">\n\t\t\t\t\t\t<div class=\"elementor-container elementor-column-gap-default\">\n\t\t\t\t\t\t\t<div class=\"elementor-row\">\n\t\t\t\t\t<div class=\"elementor-column elementor-col-100 elementor-top-column elementor-element elementor-element-960454c\" data-id=\"960454c\" data-element_type=\"column\">\n\t\t\t<div class=\"elementor-column-wrap elementor-element-populated\">\n\t\t\t\t\t\t\t<div class=\"elementor-widget-wrap\">\n\t\t\t\t\t\t<section class=\"elementor-section elementor-inner-section elementor-element elementor-element-cec80a5 elementor-section-boxed elementor-section-height-default elementor-section-height-default\" data-id=\"cec80a5\" data-element_type=\"section\">\n\t\t\t\t\t\t<div class=\"elementor-container elementor-column-gap-default\">\n\t\t\t\t\t\t\t<div class=\"elementor-row\">\n\t\t\t\t\t<div class=\"elementor-column elementor-col-50 elementor-inner-column elementor-element elementor-element-f4b6855\" data-id=\"f4b6855\" data-element_type=\"column\">\n\t\t\t<div class=\"elementor-column-wrap elementor-element-populated\">\n\t\t\t\t\t\t\t<div class=\"elementor-widget-wrap\">\n\t\t\t\t\t\t<div class=\"elementor-element elementor-element-72bd407 elementor-widget elementor-widget-image\" data-id=\"72bd407\" data-element_type=\"widget\" data-widget_type=\"image.default\">\n\t\t\t\t<div class=\"elementor-widget-container\">\n\t\t\t\t\t\t\t\t<div class=\"elementor-image\">\n\t\t\t\t\t\t\t\t\t\t\t\t<img width=\"300\" height=\"300\" src=\"https:\/\/sykl.digidaktik.dk\/wp-content\/uploads\/2020\/11\/illustration_dansk_RGB-300x300.png\" class=\"attachment-medium size-medium\" alt=\"\" loading=\"lazy\" srcset=\"https:\/\/sykl.digidaktik.dk\/wp-content\/uploads\/2020\/11\/illustration_dansk_RGB-300x300.png 300w, https:\/\/sykl.digidaktik.dk\/wp-content\/uploads\/2020\/11\/illustration_dansk_RGB-1024x1024.png 1024w, https:\/\/sykl.digidaktik.dk\/wp-content\/uploads\/2020\/11\/illustration_dansk_RGB-150x150.png 150w, https:\/\/sykl.digidaktik.dk\/wp-content\/uploads\/2020\/11\/illustration_dansk_RGB-768x768.png 768w, https:\/\/sykl.digidaktik.dk\/wp-content\/uploads\/2020\/11\/illustration_dansk_RGB-1536x1536.png 1536w, https:\/\/sykl.digidaktik.dk\/wp-content\/uploads\/2020\/11\/illustration_dansk_RGB-2048x2048.png 2048w, https:\/\/sykl.digidaktik.dk\/wp-content\/uploads\/2020\/11\/illustration_dansk_RGB-830x830.png 830w, https:\/\/sykl.digidaktik.dk\/wp-content\/uploads\/2020\/11\/illustration_dansk_RGB-230x230.png 230w, https:\/\/sykl.digidaktik.dk\/wp-content\/uploads\/2020\/11\/illustration_dansk_RGB-350x350.png 350w, https:\/\/sykl.digidaktik.dk\/wp-content\/uploads\/2020\/11\/illustration_dansk_RGB-480x480.png 480w\" sizes=\"(max-width: 300px) 100vw, 300px\" \/>\t\t\t\t\t\t\t\t\t\t\t\t\t\t<\/div>\n\t\t\t\t\t\t<\/div>\n\t\t\t\t<\/div>\n\t\t\t\t\t\t<\/div>\n\t\t\t\t\t<\/div>\n\t\t<\/div>\n\t\t\t\t<div class=\"elementor-column elementor-col-50 elementor-inner-column elementor-element elementor-element-be94f30\" data-id=\"be94f30\" data-element_type=\"column\">\n\t\t\t<div class=\"elementor-column-wrap elementor-element-populated\">\n\t\t\t\t\t\t\t<div class=\"elementor-widget-wrap\">\n\t\t\t\t\t\t<div class=\"elementor-element elementor-element-350d5de elementor-widget elementor-widget-heading\" data-id=\"350d5de\" data-element_type=\"widget\" data-widget_type=\"heading.default\">\n\t\t\t\t<div class=\"elementor-widget-container\">\n\t\t\t<h2 class=\"elementor-heading-title elementor-size-medium\"><a href=\"https:\/\/www.folkeskolen.dk\/1811731\/eleverne-sykler-i-matematik--om-kammeratskab-og-faglighed\">Eleverne 'sykler' i matematik - om kammeratskab og faglighed<\/a><\/h2>\t\t<\/div>\n\t\t\t\t<\/div>\n\t\t\t\t<div class=\"elementor-element elementor-element-b7e4925 elementor-widget elementor-widget-heading\" data-id=\"b7e4925\" data-element_type=\"widget\" data-widget_type=\"heading.default\">\n\t\t\t\t<div class=\"elementor-widget-container\">\n\t\t\t<h2 class=\"elementor-heading-title elementor-size-small\"><a href=\"https:\/\/www.folkeskolen.dk\/1811731\/eleverne-sykler-i-matematik--om-kammeratskab-og-faglighed\">Artikel p\u00e5 Folkeskolen.dk<\/a><\/h2>\t\t<\/div>\n\t\t\t\t<\/div>\n\t\t\t\t<div class=\"elementor-element elementor-element-1d47939 elementor-widget elementor-widget-spacer\" data-id=\"1d47939\" data-element_type=\"widget\" data-widget_type=\"spacer.default\">\n\t\t\t\t<div class=\"elementor-widget-container\">\n\t\t\t\t\t<div class=\"elementor-spacer\">\n\t\t\t<div class=\"elementor-spacer-inner\"><\/div>\n\t\t<\/div>\n\t\t\t\t<\/div>\n\t\t\t\t<\/div>\n\t\t\t\t<div class=\"elementor-element elementor-element-2ceaa09 elementor-widget elementor-widget-heading\" data-id=\"2ceaa09\" data-element_type=\"widget\" data-widget_type=\"heading.default\">\n\t\t\t\t<div class=\"elementor-widget-container\">\n\t\t\t<h2 class=\"elementor-heading-title elementor-size-medium\"><a href=\"https:\/\/skoleliv.dk\/nyheder\/art7825086\/Ny-undervisningsform-styrker-inklusionen-ved-at-bringe-tavse-elever-til-orde\">Ny undervisningsform styrker inklusion ved at bringe tavse elever til orde<\/a><\/h2>\t\t<\/div>\n\t\t\t\t<\/div>\n\t\t\t\t<div class=\"elementor-element elementor-element-189d233 elementor-widget elementor-widget-heading\" data-id=\"189d233\" data-element_type=\"widget\" data-widget_type=\"heading.default\">\n\t\t\t\t<div class=\"elementor-widget-container\">\n\t\t\t<h2 class=\"elementor-heading-title elementor-size-small\"><a href=\"https:\/\/skoleliv.dk\/nyheder\/art7825086\/Ny-undervisningsform-styrker-inklusionen-ved-at-bringe-tavse-elever-til-orde\">Artikel p\u00e5 Skoleliv.dk<\/a><\/h2>\t\t<\/div>\n\t\t\t\t<\/div>\n\t\t\t\t\t\t<\/div>\n\t\t\t\t\t<\/div>\n\t\t<\/div>\n\t\t\t\t\t\t\t\t<\/div>\n\t\t\t\t\t<\/div>\n\t\t<\/section>\n\t\t\t\t\t\t<\/div>\n\t\t\t\t\t<\/div>\n\t\t<\/div>\n\t\t\t\t\t\t\t\t<\/div>\n\t\t\t\t\t<\/div>\n\t\t<\/section>\n\t\t\t\t<section class=\"elementor-section elementor-top-section elementor-element elementor-element-d5c5d6f elementor-section-boxed elementor-section-height-default elementor-section-height-default\" data-id=\"d5c5d6f\" data-element_type=\"section\">\n\t\t\t\t\t\t<div class=\"elementor-container elementor-column-gap-default\">\n\t\t\t\t\t\t\t<div class=\"elementor-row\">\n\t\t\t\t\t<div class=\"elementor-column elementor-col-50 elementor-top-column elementor-element elementor-element-e6f4cee\" data-id=\"e6f4cee\" data-element_type=\"column\">\n\t\t\t<div class=\"elementor-column-wrap elementor-element-populated\">\n\t\t\t\t\t\t\t<div class=\"elementor-widget-wrap\">\n\t\t\t\t\t\t<div class=\"elementor-element elementor-element-c0ab3d1 elementor-widget elementor-widget-image\" data-id=\"c0ab3d1\" data-element_type=\"widget\" data-widget_type=\"image.default\">\n\t\t\t\t<div class=\"elementor-widget-container\">\n\t\t\t\t\t\t\t\t<div class=\"elementor-image\">\n\t\t\t\t\t\t\t\t\t\t\t\t<img width=\"1024\" height=\"895\" src=\"https:\/\/sykl.digidaktik.dk\/wp-content\/uploads\/2020\/11\/logo-1024x895.png\" class=\"attachment-large size-large\" alt=\"\" loading=\"lazy\" srcset=\"https:\/\/sykl.digidaktik.dk\/wp-content\/uploads\/2020\/11\/logo-1024x895.png 1024w, https:\/\/sykl.digidaktik.dk\/wp-content\/uploads\/2020\/11\/logo-300x262.png 300w, https:\/\/sykl.digidaktik.dk\/wp-content\/uploads\/2020\/11\/logo-768x671.png 768w, https:\/\/sykl.digidaktik.dk\/wp-content\/uploads\/2020\/11\/logo-1536x1342.png 1536w, https:\/\/sykl.digidaktik.dk\/wp-content\/uploads\/2020\/11\/logo-2048x1789.png 2048w, https:\/\/sykl.digidaktik.dk\/wp-content\/uploads\/2020\/11\/logo-830x725.png 830w, https:\/\/sykl.digidaktik.dk\/wp-content\/uploads\/2020\/11\/logo-230x201.png 230w, https:\/\/sykl.digidaktik.dk\/wp-content\/uploads\/2020\/11\/logo-350x306.png 350w, https:\/\/sykl.digidaktik.dk\/wp-content\/uploads\/2020\/11\/logo-480x419.png 480w\" sizes=\"(max-width: 1024px) 100vw, 1024px\" \/>\t\t\t\t\t\t\t\t\t\t\t\t\t\t<\/div>\n\t\t\t\t\t\t<\/div>\n\t\t\t\t<\/div>\n\t\t\t\t\t\t<\/div>\n\t\t\t\t\t<\/div>\n\t\t<\/div>\n\t\t\t\t<div class=\"elementor-column elementor-col-50 elementor-top-column elementor-element elementor-element-acb5273\" data-id=\"acb5273\" data-element_type=\"column\">\n\t\t\t<div class=\"elementor-column-wrap elementor-element-populated\">\n\t\t\t\t\t\t\t<div class=\"elementor-widget-wrap\">\n\t\t\t\t\t\t<div class=\"elementor-element elementor-element-14b6cbe elementor-widget elementor-widget-heading\" data-id=\"14b6cbe\" data-element_type=\"widget\" data-widget_type=\"heading.default\">\n\t\t\t\t<div class=\"elementor-widget-container\">\n\t\t\t<h2 class=\"elementor-heading-title elementor-size-medium\">Lyt til eleverne, n\u00e5r trivsels- og l\u00e6ringshuller skal fyldes op efter corona\n<\/h2>\t\t<\/div>\n\t\t\t\t<\/div>\n\t\t\t\t\t\t<\/div>\n\t\t\t\t\t<\/div>\n\t\t<\/div>\n\t\t\t\t\t\t\t\t<\/div>\n\t\t\t\t\t<\/div>\n\t\t<\/section>\n\t\t\t\t\t\t<\/div>\n\t\t\t\t\t\t<\/div>\n\t\t\t\t\t<\/div>\n\t\t","protected":false},"excerpt":{"rendered":"<p>Eleverne &#8216;sykler&#8217; i matematik &#8211; om kammeratskab og faglighed Artikel p\u00e5 Folkeskolen.dk Ny undervisningsform styrker inklusion ved at bringe tavse elever til orde Artikel p\u00e5 Skoleliv.dk Lyt til eleverne, n\u00e5r trivsels- og l\u00e6ringshuller skal fyldes op efter corona<\/p>\n","protected":false},"author":1,"featured_media":0,"parent":152,"menu_order":0,"comment_status":"closed","ping_status":"closed","template":"","meta":[],"_links":{"self":[{"href":"https:\/\/sykl.digidaktik.dk\/index.php\/wp-json\/wp\/v2\/pages\/156"}],"collection":[{"href":"https:\/\/sykl.digidaktik.dk\/index.php\/wp-json\/wp\/v2\/pages"}],"about":[{"href":"https:\/\/sykl.digidaktik.dk\/index.php\/wp-json\/wp\/v2\/types\/page"}],"author":[{"embeddable":true,"href":"https:\/\/sykl.digidaktik.dk\/index.php\/wp-json\/wp\/v2\/users\/1"}],"replies":[{"embeddable":true,"href":"https:\/\/sykl.digidaktik.dk\/index.php\/wp-json\/wp\/v2\/comments?post=156"}],"version-history":[{"count":34,"href":"https:\/\/sykl.digidaktik.dk\/index.php\/wp-json\/wp\/v2\/pages\/156\/revisions"}],"predecessor-version":[{"id":824,"href":"https:\/\/sykl.digidaktik.dk\/index.php\/wp-json\/wp\/v2\/pages\/156\/revisions\/824"}],"up":[{"embeddable":true,"href":"https:\/\/sykl.digidaktik.dk\/index.php\/wp-json\/wp\/v2\/pages\/152"}],"wp:attachment":[{"href":"https:\/\/sykl.digidaktik.dk\/index.php\/wp-json\/wp\/v2\/media?parent=156"}],"curies":[{"name":"wp","href":"https:\/\/api.w.org\/{rel}","templated":true}]}}