{"id":154,"date":"2020-09-24T09:11:15","date_gmt":"2020-09-24T09:11:15","guid":{"rendered":"http:\/\/www.sykl.digidaktik.dk\/?page_id=154"},"modified":"2021-01-29T12:00:27","modified_gmt":"2021-01-29T12:00:27","slug":"forskning","status":"publish","type":"page","link":"https:\/\/sykl.digidaktik.dk\/index.php\/om-sykl\/forskning\/","title":{"rendered":"Forskning"},"content":{"rendered":"\t\t<div data-elementor-type=\"wp-page\" data-elementor-id=\"154\" class=\"elementor elementor-154\" data-elementor-settings=\"[]\">\n\t\t\t\t\t\t<div class=\"elementor-inner\">\n\t\t\t\t\t\t\t<div class=\"elementor-section-wrap\">\n\t\t\t\t\t\t\t<section class=\"elementor-section elementor-top-section elementor-element elementor-element-1e1c61a elementor-section-boxed elementor-section-height-default elementor-section-height-default\" data-id=\"1e1c61a\" data-element_type=\"section\">\n\t\t\t\t\t\t<div class=\"elementor-container elementor-column-gap-default\">\n\t\t\t\t\t\t\t<div class=\"elementor-row\">\n\t\t\t\t\t<div class=\"elementor-column elementor-col-100 elementor-top-column elementor-element elementor-element-dc43b40\" data-id=\"dc43b40\" data-element_type=\"column\">\n\t\t\t<div class=\"elementor-column-wrap elementor-element-populated\">\n\t\t\t\t\t\t\t<div class=\"elementor-widget-wrap\">\n\t\t\t\t\t\t<div class=\"elementor-element elementor-element-eb70359 elementor-widget elementor-widget-text-editor\" data-id=\"eb70359\" data-element_type=\"widget\" data-widget_type=\"text-editor.default\">\n\t\t\t\t<div class=\"elementor-widget-container\">\n\t\t\t\t\t\t\t\t<div class=\"elementor-text-editor elementor-clearfix\">\n\t\t\t\t\t<p>Evaluering og forskning i SYKL har to overordnede form\u00e5l, dels at vurdere om projektet forl\u00f8ber som planlagt og m\u00e5ls\u00e6tninger og resultater opn\u00e5s, dels at give os en nuanceret viden om p\u00e5 hvilke m\u00e5der og under hvilke foruds\u00e6tninger SYKL fungerer i en dansk skolekontekst.<\/p>\t\t\t\t\t<\/div>\n\t\t\t\t\t\t<\/div>\n\t\t\t\t<\/div>\n\t\t\t\t\t\t<\/div>\n\t\t\t\t\t<\/div>\n\t\t<\/div>\n\t\t\t\t\t\t\t\t<\/div>\n\t\t\t\t\t<\/div>\n\t\t<\/section>\n\t\t\t\t<section class=\"elementor-section elementor-top-section elementor-element elementor-element-fc3eb86 elementor-section-boxed elementor-section-height-default elementor-section-height-default\" data-id=\"fc3eb86\" data-element_type=\"section\">\n\t\t\t\t\t\t<div class=\"elementor-container elementor-column-gap-default\">\n\t\t\t\t\t\t\t<div class=\"elementor-row\">\n\t\t\t\t\t<div class=\"elementor-column elementor-col-100 elementor-top-column elementor-element elementor-element-a5b40ee\" data-id=\"a5b40ee\" data-element_type=\"column\">\n\t\t\t<div class=\"elementor-column-wrap elementor-element-populated\">\n\t\t\t\t\t\t\t<div class=\"elementor-widget-wrap\">\n\t\t\t\t\t\t<section class=\"elementor-section elementor-inner-section elementor-element elementor-element-a9aa45e elementor-section-boxed elementor-section-height-default elementor-section-height-default\" data-id=\"a9aa45e\" data-element_type=\"section\">\n\t\t\t\t\t\t<div class=\"elementor-container elementor-column-gap-default\">\n\t\t\t\t\t\t\t<div class=\"elementor-row\">\n\t\t\t\t\t<div class=\"elementor-column elementor-col-50 elementor-inner-column elementor-element elementor-element-a7ca8d5\" data-id=\"a7ca8d5\" data-element_type=\"column\">\n\t\t\t<div class=\"elementor-column-wrap elementor-element-populated\">\n\t\t\t\t\t\t\t<div class=\"elementor-widget-wrap\">\n\t\t\t\t\t\t<div class=\"elementor-element elementor-element-1cc39e2 elementor-widget elementor-widget-image\" data-id=\"1cc39e2\" data-element_type=\"widget\" data-widget_type=\"image.default\">\n\t\t\t\t<div class=\"elementor-widget-container\">\n\t\t\t\t\t\t\t\t<div class=\"elementor-image\">\n\t\t\t\t\t\t\t\t\t\t\t\t<img width=\"178\" height=\"178\" src=\"https:\/\/sykl.digidaktik.dk\/wp-content\/uploads\/2020\/12\/sFMPtE8A.jpeg\" class=\"attachment-large size-large\" alt=\"\" loading=\"lazy\" srcset=\"https:\/\/sykl.digidaktik.dk\/wp-content\/uploads\/2020\/12\/sFMPtE8A.jpeg 178w, https:\/\/sykl.digidaktik.dk\/wp-content\/uploads\/2020\/12\/sFMPtE8A-150x150.jpeg 150w\" sizes=\"(max-width: 178px) 100vw, 178px\" \/>\t\t\t\t\t\t\t\t\t\t\t\t\t\t<\/div>\n\t\t\t\t\t\t<\/div>\n\t\t\t\t<\/div>\n\t\t\t\t\t\t<\/div>\n\t\t\t\t\t<\/div>\n\t\t<\/div>\n\t\t\t\t<div class=\"elementor-column elementor-col-50 elementor-inner-column elementor-element elementor-element-3f542a6\" data-id=\"3f542a6\" data-element_type=\"column\">\n\t\t\t<div class=\"elementor-column-wrap elementor-element-populated\">\n\t\t\t\t\t\t\t<div class=\"elementor-widget-wrap\">\n\t\t\t\t\t\t<div class=\"elementor-element elementor-element-f121d6d elementor-widget elementor-widget-heading\" data-id=\"f121d6d\" data-element_type=\"widget\" data-widget_type=\"heading.default\">\n\t\t\t\t<div class=\"elementor-widget-container\">\n\t\t\t<h2 class=\"elementor-heading-title elementor-size-medium\"><a href=\"https:\/\/www.folkeskolen.dk\/1856426\/naar-matematiklaereren-faar-eleverne-til-at-sykle-derudad-i-matematikundervisningen\">N\u00e5r matematikl\u00e6reren f\u00e5r eleverne til at SYKL'e derudad i matematikundervisningen\n<\/a><\/h2>\t\t<\/div>\n\t\t\t\t<\/div>\n\t\t\t\t<div class=\"elementor-element elementor-element-af53559 elementor-widget elementor-widget-heading\" data-id=\"af53559\" data-element_type=\"widget\" data-widget_type=\"heading.default\">\n\t\t\t\t<div class=\"elementor-widget-container\">\n\t\t\t<h2 class=\"elementor-heading-title elementor-size-small\"><a href=\"https:\/\/www.folkeskolen.dk\/1856426\/naar-matematiklaereren-faar-eleverne-til-at-sykle-derudad-i-matematikundervisningen\">Artikel p\u00e5 Folkeskolen.dk<\/a><\/h2>\t\t<\/div>\n\t\t\t\t<\/div>\n\t\t\t\t\t\t<\/div>\n\t\t\t\t\t<\/div>\n\t\t<\/div>\n\t\t\t\t\t\t\t\t<\/div>\n\t\t\t\t\t<\/div>\n\t\t<\/section>\n\t\t\t\t\t\t<\/div>\n\t\t\t\t\t<\/div>\n\t\t<\/div>\n\t\t\t\t\t\t\t\t<\/div>\n\t\t\t\t\t<\/div>\n\t\t<\/section>\n\t\t\t\t<section class=\"elementor-section elementor-top-section elementor-element elementor-element-0f0de66 elementor-section-boxed elementor-section-height-default elementor-section-height-default\" data-id=\"0f0de66\" data-element_type=\"section\">\n\t\t\t\t\t\t<div class=\"elementor-container elementor-column-gap-default\">\n\t\t\t\t\t\t\t<div class=\"elementor-row\">\n\t\t\t\t\t<div class=\"elementor-column elementor-col-100 elementor-top-column elementor-element elementor-element-da0336c\" data-id=\"da0336c\" data-element_type=\"column\">\n\t\t\t<div class=\"elementor-column-wrap elementor-element-populated\">\n\t\t\t\t\t\t\t<div class=\"elementor-widget-wrap\">\n\t\t\t\t\t\t<section class=\"elementor-section elementor-inner-section elementor-element elementor-element-031ddba elementor-section-boxed elementor-section-height-default elementor-section-height-default\" data-id=\"031ddba\" data-element_type=\"section\">\n\t\t\t\t\t\t<div class=\"elementor-container elementor-column-gap-default\">\n\t\t\t\t\t\t\t<div class=\"elementor-row\">\n\t\t\t\t\t<div class=\"elementor-column elementor-col-50 elementor-inner-column elementor-element elementor-element-b15bc8d\" data-id=\"b15bc8d\" data-element_type=\"column\">\n\t\t\t<div class=\"elementor-column-wrap elementor-element-populated\">\n\t\t\t\t\t\t\t<div class=\"elementor-widget-wrap\">\n\t\t\t\t\t\t<div class=\"elementor-element elementor-element-1e09fb8 elementor-widget elementor-widget-image\" data-id=\"1e09fb8\" data-element_type=\"widget\" data-widget_type=\"image.default\">\n\t\t\t\t<div class=\"elementor-widget-container\">\n\t\t\t\t\t\t\t\t<div class=\"elementor-image\">\n\t\t\t\t\t\t\t\t\t\t\t\t<img width=\"1024\" height=\"895\" src=\"https:\/\/sykl.digidaktik.dk\/wp-content\/uploads\/2020\/11\/logo-1024x895.png\" class=\"attachment-large size-large\" alt=\"\" loading=\"lazy\" srcset=\"https:\/\/sykl.digidaktik.dk\/wp-content\/uploads\/2020\/11\/logo-1024x895.png 1024w, https:\/\/sykl.digidaktik.dk\/wp-content\/uploads\/2020\/11\/logo-300x262.png 300w, https:\/\/sykl.digidaktik.dk\/wp-content\/uploads\/2020\/11\/logo-768x671.png 768w, https:\/\/sykl.digidaktik.dk\/wp-content\/uploads\/2020\/11\/logo-1536x1342.png 1536w, https:\/\/sykl.digidaktik.dk\/wp-content\/uploads\/2020\/11\/logo-2048x1789.png 2048w, https:\/\/sykl.digidaktik.dk\/wp-content\/uploads\/2020\/11\/logo-830x725.png 830w, https:\/\/sykl.digidaktik.dk\/wp-content\/uploads\/2020\/11\/logo-230x201.png 230w, https:\/\/sykl.digidaktik.dk\/wp-content\/uploads\/2020\/11\/logo-350x306.png 350w, https:\/\/sykl.digidaktik.dk\/wp-content\/uploads\/2020\/11\/logo-480x419.png 480w\" sizes=\"(max-width: 1024px) 100vw, 1024px\" \/>\t\t\t\t\t\t\t\t\t\t\t\t\t\t<\/div>\n\t\t\t\t\t\t<\/div>\n\t\t\t\t<\/div>\n\t\t\t\t\t\t<\/div>\n\t\t\t\t\t<\/div>\n\t\t<\/div>\n\t\t\t\t<div class=\"elementor-column elementor-col-50 elementor-inner-column elementor-element elementor-element-3c97471\" data-id=\"3c97471\" data-element_type=\"column\">\n\t\t\t<div class=\"elementor-column-wrap elementor-element-populated\">\n\t\t\t\t\t\t\t<div class=\"elementor-widget-wrap\">\n\t\t\t\t\t\t<div class=\"elementor-element elementor-element-9af6ea4 elementor-widget elementor-widget-heading\" data-id=\"9af6ea4\" data-element_type=\"widget\" data-widget_type=\"heading.default\">\n\t\t\t\t<div class=\"elementor-widget-container\">\n\t\t\t<h2 class=\"elementor-heading-title elementor-size-medium\">APM afrapportering<\/h2>\t\t<\/div>\n\t\t\t\t<\/div>\n\t\t\t\t<div class=\"elementor-element elementor-element-842a416 elementor-widget elementor-widget-text-editor\" data-id=\"842a416\" data-element_type=\"widget\" data-widget_type=\"text-editor.default\">\n\t\t\t\t<div class=\"elementor-widget-container\">\n\t\t\t\t\t\t\t\t<div class=\"elementor-text-editor elementor-clearfix\">\n\t\t\t\t\t<p>Denne rapport er udarbejdet p\u00e5 baggrund af forsknings- og udviklingsprojektet SYstematiseret KLassekammerathj\u00e6lp i matematik (2019-2020), som er finansieret af folkeskoledonationen i A. P. M\u00f8ller fonden.<\/p><p>Test!<\/p><p><a href=\"https:\/\/sykl.digidaktik.dk\/wp-content\/uploads\/2021\/01\/Til-hjemmesiden-APM-afrapportering-SYKL-Maria-Christina-Secher-Schmidt.pdf\">APM afrapportering SYKL Maria Christina Secher Schmidt<\/a><\/p>\t\t\t\t\t<\/div>\n\t\t\t\t\t\t<\/div>\n\t\t\t\t<\/div>\n\t\t\t\t\t\t<\/div>\n\t\t\t\t\t<\/div>\n\t\t<\/div>\n\t\t\t\t\t\t\t\t<\/div>\n\t\t\t\t\t<\/div>\n\t\t<\/section>\n\t\t\t\t\t\t<\/div>\n\t\t\t\t\t<\/div>\n\t\t<\/div>\n\t\t\t\t\t\t\t\t<\/div>\n\t\t\t\t\t<\/div>\n\t\t<\/section>\n\t\t\t\t<section class=\"elementor-section elementor-top-section elementor-element elementor-element-b4a541d elementor-section-boxed elementor-section-height-default elementor-section-height-default\" data-id=\"b4a541d\" data-element_type=\"section\">\n\t\t\t\t\t\t<div class=\"elementor-container elementor-column-gap-default\">\n\t\t\t\t\t\t\t<div class=\"elementor-row\">\n\t\t\t\t\t<div class=\"elementor-column elementor-col-100 elementor-top-column elementor-element elementor-element-15b36f0\" data-id=\"15b36f0\" data-element_type=\"column\">\n\t\t\t<div class=\"elementor-column-wrap elementor-element-populated\">\n\t\t\t\t\t\t\t<div class=\"elementor-widget-wrap\">\n\t\t\t\t\t\t<section class=\"elementor-section elementor-inner-section elementor-element elementor-element-8ccfc65 elementor-section-boxed elementor-section-height-default elementor-section-height-default\" data-id=\"8ccfc65\" data-element_type=\"section\">\n\t\t\t\t\t\t<div class=\"elementor-container elementor-column-gap-default\">\n\t\t\t\t\t\t\t<div class=\"elementor-row\">\n\t\t\t\t\t<div class=\"elementor-column elementor-col-50 elementor-inner-column elementor-element elementor-element-945f461\" data-id=\"945f461\" data-element_type=\"column\">\n\t\t\t<div class=\"elementor-column-wrap elementor-element-populated\">\n\t\t\t\t\t\t\t<div class=\"elementor-widget-wrap\">\n\t\t\t\t\t\t<div class=\"elementor-element elementor-element-56489c2 elementor-widget elementor-widget-image\" data-id=\"56489c2\" data-element_type=\"widget\" data-widget_type=\"image.default\">\n\t\t\t\t<div class=\"elementor-widget-container\">\n\t\t\t\t\t\t\t\t<div class=\"elementor-image\">\n\t\t\t\t\t\t\t\t\t\t\t\t<img width=\"1024\" height=\"1024\" src=\"https:\/\/sykl.digidaktik.dk\/wp-content\/uploads\/2020\/11\/illustration_dansk_RGB-1024x1024.png\" class=\"attachment-large size-large\" alt=\"\" loading=\"lazy\" srcset=\"https:\/\/sykl.digidaktik.dk\/wp-content\/uploads\/2020\/11\/illustration_dansk_RGB-1024x1024.png 1024w, https:\/\/sykl.digidaktik.dk\/wp-content\/uploads\/2020\/11\/illustration_dansk_RGB-300x300.png 300w, https:\/\/sykl.digidaktik.dk\/wp-content\/uploads\/2020\/11\/illustration_dansk_RGB-150x150.png 150w, https:\/\/sykl.digidaktik.dk\/wp-content\/uploads\/2020\/11\/illustration_dansk_RGB-768x768.png 768w, https:\/\/sykl.digidaktik.dk\/wp-content\/uploads\/2020\/11\/illustration_dansk_RGB-1536x1536.png 1536w, https:\/\/sykl.digidaktik.dk\/wp-content\/uploads\/2020\/11\/illustration_dansk_RGB-2048x2048.png 2048w, https:\/\/sykl.digidaktik.dk\/wp-content\/uploads\/2020\/11\/illustration_dansk_RGB-830x830.png 830w, https:\/\/sykl.digidaktik.dk\/wp-content\/uploads\/2020\/11\/illustration_dansk_RGB-230x230.png 230w, https:\/\/sykl.digidaktik.dk\/wp-content\/uploads\/2020\/11\/illustration_dansk_RGB-350x350.png 350w, https:\/\/sykl.digidaktik.dk\/wp-content\/uploads\/2020\/11\/illustration_dansk_RGB-480x480.png 480w\" sizes=\"(max-width: 1024px) 100vw, 1024px\" \/>\t\t\t\t\t\t\t\t\t\t\t\t\t\t<\/div>\n\t\t\t\t\t\t<\/div>\n\t\t\t\t<\/div>\n\t\t\t\t\t\t<\/div>\n\t\t\t\t\t<\/div>\n\t\t<\/div>\n\t\t\t\t<div class=\"elementor-column elementor-col-50 elementor-inner-column elementor-element elementor-element-1730341\" data-id=\"1730341\" data-element_type=\"column\">\n\t\t\t<div class=\"elementor-column-wrap elementor-element-populated\">\n\t\t\t\t\t\t\t<div class=\"elementor-widget-wrap\">\n\t\t\t\t\t\t<div class=\"elementor-element elementor-element-e85e7e4 elementor-widget elementor-widget-heading\" data-id=\"e85e7e4\" data-element_type=\"widget\" data-widget_type=\"heading.default\">\n\t\t\t\t<div class=\"elementor-widget-container\">\n\t\t\t<h2 class=\"elementor-heading-title elementor-size-medium\">Forskningsreview<\/h2>\t\t<\/div>\n\t\t\t\t<\/div>\n\t\t\t\t\t\t<\/div>\n\t\t\t\t\t<\/div>\n\t\t<\/div>\n\t\t\t\t\t\t\t\t<\/div>\n\t\t\t\t\t<\/div>\n\t\t<\/section>\n\t\t\t\t\t\t<\/div>\n\t\t\t\t\t<\/div>\n\t\t<\/div>\n\t\t\t\t\t\t\t\t<\/div>\n\t\t\t\t\t<\/div>\n\t\t<\/section>\n\t\t\t\t\t\t<\/div>\n\t\t\t\t\t\t<\/div>\n\t\t\t\t\t<\/div>\n\t\t","protected":false},"excerpt":{"rendered":"<p>Evaluering og forskning i SYKL har to overordnede form\u00e5l, dels at vurdere om projektet forl\u00f8ber som planlagt og m\u00e5ls\u00e6tninger og resultater opn\u00e5s, dels at give os en nuanceret viden om p\u00e5 hvilke m\u00e5der og under hvilke foruds\u00e6tninger SYKL fungerer i en dansk skolekontekst. N\u00e5r matematikl\u00e6reren f\u00e5r eleverne til at SYKL&#8217;e derudad i matematikundervisningen Artikel p\u00e5 [&hellip;]<\/p>\n","protected":false},"author":1,"featured_media":0,"parent":152,"menu_order":0,"comment_status":"closed","ping_status":"closed","template":"","meta":[],"_links":{"self":[{"href":"https:\/\/sykl.digidaktik.dk\/index.php\/wp-json\/wp\/v2\/pages\/154"}],"collection":[{"href":"https:\/\/sykl.digidaktik.dk\/index.php\/wp-json\/wp\/v2\/pages"}],"about":[{"href":"https:\/\/sykl.digidaktik.dk\/index.php\/wp-json\/wp\/v2\/types\/page"}],"author":[{"embeddable":true,"href":"https:\/\/sykl.digidaktik.dk\/index.php\/wp-json\/wp\/v2\/users\/1"}],"replies":[{"embeddable":true,"href":"https:\/\/sykl.digidaktik.dk\/index.php\/wp-json\/wp\/v2\/comments?post=154"}],"version-history":[{"count":74,"href":"https:\/\/sykl.digidaktik.dk\/index.php\/wp-json\/wp\/v2\/pages\/154\/revisions"}],"predecessor-version":[{"id":777,"href":"https:\/\/sykl.digidaktik.dk\/index.php\/wp-json\/wp\/v2\/pages\/154\/revisions\/777"}],"up":[{"embeddable":true,"href":"https:\/\/sykl.digidaktik.dk\/index.php\/wp-json\/wp\/v2\/pages\/152"}],"wp:attachment":[{"href":"https:\/\/sykl.digidaktik.dk\/index.php\/wp-json\/wp\/v2\/media?parent=154"}],"curies":[{"name":"wp","href":"https:\/\/api.w.org\/{rel}","templated":true}]}}