{"id":152,"date":"2020-09-24T09:10:49","date_gmt":"2020-09-24T09:10:49","guid":{"rendered":"http:\/\/www.sykl.digidaktik.dk\/?page_id=152"},"modified":"2020-12-18T12:55:41","modified_gmt":"2020-12-18T12:55:41","slug":"om-sykl","status":"publish","type":"page","link":"https:\/\/sykl.digidaktik.dk\/index.php\/om-sykl\/","title":{"rendered":"BAG OM SYKL"},"content":{"rendered":"\t\t<div data-elementor-type=\"wp-page\" data-elementor-id=\"152\" class=\"elementor elementor-152\" data-elementor-settings=\"[]\">\n\t\t\t\t\t\t<div class=\"elementor-inner\">\n\t\t\t\t\t\t\t<div class=\"elementor-section-wrap\">\n\t\t\t\t\t\t\t<section class=\"elementor-section elementor-top-section elementor-element elementor-element-95f4c24 elementor-section-boxed elementor-section-height-default elementor-section-height-default\" data-id=\"95f4c24\" data-element_type=\"section\">\n\t\t\t\t\t\t<div class=\"elementor-container elementor-column-gap-default\">\n\t\t\t\t\t\t\t<div class=\"elementor-row\">\n\t\t\t\t\t<div class=\"elementor-column elementor-col-50 elementor-top-column elementor-element elementor-element-ea4b404\" data-id=\"ea4b404\" data-element_type=\"column\">\n\t\t\t<div class=\"elementor-column-wrap elementor-element-populated\">\n\t\t\t\t\t\t\t<div class=\"elementor-widget-wrap\">\n\t\t\t\t\t\t<div class=\"elementor-element elementor-element-28f01c3 elementor-widget elementor-widget-text-editor\" data-id=\"28f01c3\" data-element_type=\"widget\" data-widget_type=\"text-editor.default\">\n\t\t\t\t<div class=\"elementor-widget-container\">\n\t\t\t\t\t\t\t\t<div class=\"elementor-text-editor elementor-clearfix\">\n\t\t\t\t\tSYKL er en forkortelse af Systematiseret Klassekammerathj\u00e6lp. Det handler om at systematisere og kvalificere den hj\u00e6lp, som elever kan give hinanden i undervisning. Systematiseret Klassekammerathj\u00e6lp er meget udbredt i USA, mens det i Danmark er ved at blive introduceret i grundskolen. \nSYKL didaktikken bliver afpr\u00f8vet i flere forsknings- og udviklingsprojekter. Evaluering og forskning i SYKL har to overordnede form\u00e5l, dels at vurdere om projektet forl\u00f8ber som planlagt og m\u00e5ls\u00e6tninger og resultater opn\u00e5s, dels at give os en nuanceret viden om p\u00e5 hvilke m\u00e5der og under hvilke foruds\u00e6tninger SYKL fungerer i en dansk skolekontekst.\t\t\t\t\t<\/div>\n\t\t\t\t\t\t<\/div>\n\t\t\t\t<\/div>\n\t\t\t\t\t\t<\/div>\n\t\t\t\t\t<\/div>\n\t\t<\/div>\n\t\t\t\t<div class=\"elementor-column elementor-col-50 elementor-top-column elementor-element elementor-element-a26ad6b\" data-id=\"a26ad6b\" data-element_type=\"column\">\n\t\t\t<div class=\"elementor-column-wrap elementor-element-populated\">\n\t\t\t\t\t\t\t<div class=\"elementor-widget-wrap\">\n\t\t\t\t\t\t<div class=\"elementor-element elementor-element-0927275 elementor-widget elementor-widget-image\" data-id=\"0927275\" data-element_type=\"widget\" data-widget_type=\"image.default\">\n\t\t\t\t<div class=\"elementor-widget-container\">\n\t\t\t\t\t\t\t\t<div class=\"elementor-image\">\n\t\t\t\t\t\t\t\t\t\t\t\t<img width=\"1024\" height=\"768\" src=\"https:\/\/sykl.digidaktik.dk\/wp-content\/uploads\/2020\/11\/Sykl_6_okker-1024x768.jpg\" class=\"attachment-large size-large\" alt=\"\" loading=\"lazy\" srcset=\"https:\/\/sykl.digidaktik.dk\/wp-content\/uploads\/2020\/11\/Sykl_6_okker-1024x768.jpg 1024w, https:\/\/sykl.digidaktik.dk\/wp-content\/uploads\/2020\/11\/Sykl_6_okker-300x225.jpg 300w, https:\/\/sykl.digidaktik.dk\/wp-content\/uploads\/2020\/11\/Sykl_6_okker-768x576.jpg 768w, https:\/\/sykl.digidaktik.dk\/wp-content\/uploads\/2020\/11\/Sykl_6_okker-1536x1152.jpg 1536w, https:\/\/sykl.digidaktik.dk\/wp-content\/uploads\/2020\/11\/Sykl_6_okker-2048x1536.jpg 2048w, https:\/\/sykl.digidaktik.dk\/wp-content\/uploads\/2020\/11\/Sykl_6_okker-830x623.jpg 830w, https:\/\/sykl.digidaktik.dk\/wp-content\/uploads\/2020\/11\/Sykl_6_okker-230x173.jpg 230w, https:\/\/sykl.digidaktik.dk\/wp-content\/uploads\/2020\/11\/Sykl_6_okker-350x263.jpg 350w, https:\/\/sykl.digidaktik.dk\/wp-content\/uploads\/2020\/11\/Sykl_6_okker-480x360.jpg 480w\" sizes=\"(max-width: 1024px) 100vw, 1024px\" \/>\t\t\t\t\t\t\t\t\t\t\t\t\t\t<\/div>\n\t\t\t\t\t\t<\/div>\n\t\t\t\t<\/div>\n\t\t\t\t\t\t<\/div>\n\t\t\t\t\t<\/div>\n\t\t<\/div>\n\t\t\t\t\t\t\t\t<\/div>\n\t\t\t\t\t<\/div>\n\t\t<\/section>\n\t\t\t\t<section class=\"elementor-section elementor-top-section elementor-element elementor-element-d87b7fa elementor-section-boxed elementor-section-height-default elementor-section-height-default\" data-id=\"d87b7fa\" data-element_type=\"section\">\n\t\t\t\t\t\t<div class=\"elementor-container elementor-column-gap-default\">\n\t\t\t\t\t\t\t<div class=\"elementor-row\">\n\t\t\t\t\t\t\t\t\t<\/div>\n\t\t\t\t\t<\/div>\n\t\t<\/section>\n\t\t\t\t\t\t<\/div>\n\t\t\t\t\t\t<\/div>\n\t\t\t\t\t<\/div>\n\t\t","protected":false},"excerpt":{"rendered":"<p>SYKL er en forkortelse af Systematiseret Klassekammerathj\u00e6lp. Det handler om at systematisere og kvalificere den hj\u00e6lp, som elever kan give hinanden i undervisning. Systematiseret Klassekammerathj\u00e6lp er meget udbredt i USA, mens det i Danmark er ved at blive introduceret i grundskolen. SYKL didaktikken bliver afpr\u00f8vet i flere forsknings- og udviklingsprojekter. Evaluering og forskning i SYKL [&hellip;]<\/p>\n","protected":false},"author":1,"featured_media":0,"parent":0,"menu_order":0,"comment_status":"closed","ping_status":"closed","template":"","meta":[],"_links":{"self":[{"href":"https:\/\/sykl.digidaktik.dk\/index.php\/wp-json\/wp\/v2\/pages\/152"}],"collection":[{"href":"https:\/\/sykl.digidaktik.dk\/index.php\/wp-json\/wp\/v2\/pages"}],"about":[{"href":"https:\/\/sykl.digidaktik.dk\/index.php\/wp-json\/wp\/v2\/types\/page"}],"author":[{"embeddable":true,"href":"https:\/\/sykl.digidaktik.dk\/index.php\/wp-json\/wp\/v2\/users\/1"}],"replies":[{"embeddable":true,"href":"https:\/\/sykl.digidaktik.dk\/index.php\/wp-json\/wp\/v2\/comments?post=152"}],"version-history":[{"count":25,"href":"https:\/\/sykl.digidaktik.dk\/index.php\/wp-json\/wp\/v2\/pages\/152\/revisions"}],"predecessor-version":[{"id":833,"href":"https:\/\/sykl.digidaktik.dk\/index.php\/wp-json\/wp\/v2\/pages\/152\/revisions\/833"}],"wp:attachment":[{"href":"https:\/\/sykl.digidaktik.dk\/index.php\/wp-json\/wp\/v2\/media?parent=152"}],"curies":[{"name":"wp","href":"https:\/\/api.w.org\/{rel}","templated":true}]}}