{"id":136,"date":"2020-09-24T09:07:38","date_gmt":"2020-09-24T09:07:38","guid":{"rendered":"http:\/\/www.sykl.digidaktik.dk\/?page_id=136"},"modified":"2020-12-16T09:37:03","modified_gmt":"2020-12-16T09:37:03","slug":"manual","status":"publish","type":"page","link":"https:\/\/sykl.digidaktik.dk\/index.php\/om-projektet\/manual\/","title":{"rendered":"L\u00e6rervejledning"},"content":{"rendered":"\t\t<div data-elementor-type=\"wp-page\" data-elementor-id=\"136\" class=\"elementor elementor-136\" data-elementor-settings=\"[]\">\n\t\t\t\t\t\t<div class=\"elementor-inner\">\n\t\t\t\t\t\t\t<div class=\"elementor-section-wrap\">\n\t\t\t\t\t\t\t<section class=\"elementor-section elementor-top-section elementor-element elementor-element-2dff7a4 elementor-section-boxed elementor-section-height-default elementor-section-height-default\" data-id=\"2dff7a4\" data-element_type=\"section\">\n\t\t\t\t\t\t<div class=\"elementor-container elementor-column-gap-default\">\n\t\t\t\t\t\t\t<div class=\"elementor-row\">\n\t\t\t\t\t<div class=\"elementor-column elementor-col-100 elementor-top-column elementor-element elementor-element-4f722e5\" data-id=\"4f722e5\" data-element_type=\"column\">\n\t\t\t<div class=\"elementor-column-wrap elementor-element-populated\">\n\t\t\t\t\t\t\t<div class=\"elementor-widget-wrap\">\n\t\t\t\t\t\t<div class=\"elementor-element elementor-element-61b5900 elementor-widget elementor-widget-text-editor\" data-id=\"61b5900\" data-element_type=\"widget\" data-widget_type=\"text-editor.default\">\n\t\t\t\t<div class=\"elementor-widget-container\">\n\t\t\t\t\t\t\t\t<div class=\"elementor-text-editor elementor-clearfix\">\n\t\t\t\t\t<p><span style=\"font-size: 12.0pt; line-height: 107%; color: windowtext;\">L\u00e6rervejledningen indeholder bl.a. en introduktion til SYKL, hvordan man kan tilrettel\u00e6gge<br>undervisningsgange med SYKL, sammens\u00e6tte elevpar, bruge hj\u00e6lpekort og i det<br>hele taget implementere SYKL.<\/span><\/p>\t\t\t\t\t<\/div>\n\t\t\t\t\t\t<\/div>\n\t\t\t\t<\/div>\n\t\t\t\t\t\t<\/div>\n\t\t\t\t\t<\/div>\n\t\t<\/div>\n\t\t\t\t\t\t\t\t<\/div>\n\t\t\t\t\t<\/div>\n\t\t<\/section>\n\t\t\t\t<section class=\"elementor-section elementor-top-section elementor-element elementor-element-d7d3e59 elementor-section-boxed elementor-section-height-default elementor-section-height-default\" data-id=\"d7d3e59\" data-element_type=\"section\">\n\t\t\t\t\t\t<div class=\"elementor-container elementor-column-gap-default\">\n\t\t\t\t\t\t\t<div class=\"elementor-row\">\n\t\t\t\t\t<div class=\"elementor-column elementor-col-100 elementor-top-column elementor-element elementor-element-42cdb6c\" data-id=\"42cdb6c\" data-element_type=\"column\">\n\t\t\t<div class=\"elementor-column-wrap elementor-element-populated\">\n\t\t\t\t\t\t\t<div class=\"elementor-widget-wrap\">\n\t\t\t\t\t\t<section class=\"elementor-section elementor-inner-section elementor-element elementor-element-e257fd5 elementor-section-boxed elementor-section-height-default elementor-section-height-default\" data-id=\"e257fd5\" data-element_type=\"section\">\n\t\t\t\t\t\t<div class=\"elementor-container elementor-column-gap-default\">\n\t\t\t\t\t\t\t<div class=\"elementor-row\">\n\t\t\t\t\t<div class=\"elementor-column elementor-col-50 elementor-inner-column elementor-element elementor-element-c1c692b\" data-id=\"c1c692b\" data-element_type=\"column\">\n\t\t\t<div class=\"elementor-column-wrap elementor-element-populated\">\n\t\t\t\t\t\t\t<div class=\"elementor-widget-wrap\">\n\t\t\t\t\t\t<div class=\"elementor-element elementor-element-68a71d5 elementor-widget elementor-widget-image\" data-id=\"68a71d5\" data-element_type=\"widget\" data-widget_type=\"image.default\">\n\t\t\t\t<div class=\"elementor-widget-container\">\n\t\t\t\t\t\t\t\t<div class=\"elementor-image\">\n\t\t\t\t\t\t\t\t\t\t\t\t<img width=\"1024\" height=\"1024\" src=\"https:\/\/sykl.digidaktik.dk\/wp-content\/uploads\/2020\/11\/SYKL-matematik-illustration-2-1024x1024.jpg\" class=\"attachment-large size-large\" alt=\"\" loading=\"lazy\" srcset=\"https:\/\/sykl.digidaktik.dk\/wp-content\/uploads\/2020\/11\/SYKL-matematik-illustration-2-1024x1024.jpg 1024w, https:\/\/sykl.digidaktik.dk\/wp-content\/uploads\/2020\/11\/SYKL-matematik-illustration-2-300x300.jpg 300w, https:\/\/sykl.digidaktik.dk\/wp-content\/uploads\/2020\/11\/SYKL-matematik-illustration-2-150x150.jpg 150w, https:\/\/sykl.digidaktik.dk\/wp-content\/uploads\/2020\/11\/SYKL-matematik-illustration-2-768x768.jpg 768w, https:\/\/sykl.digidaktik.dk\/wp-content\/uploads\/2020\/11\/SYKL-matematik-illustration-2-1536x1536.jpg 1536w, https:\/\/sykl.digidaktik.dk\/wp-content\/uploads\/2020\/11\/SYKL-matematik-illustration-2-2048x2048.jpg 2048w, https:\/\/sykl.digidaktik.dk\/wp-content\/uploads\/2020\/11\/SYKL-matematik-illustration-2-830x830.jpg 830w, https:\/\/sykl.digidaktik.dk\/wp-content\/uploads\/2020\/11\/SYKL-matematik-illustration-2-230x230.jpg 230w, https:\/\/sykl.digidaktik.dk\/wp-content\/uploads\/2020\/11\/SYKL-matematik-illustration-2-350x350.jpg 350w, https:\/\/sykl.digidaktik.dk\/wp-content\/uploads\/2020\/11\/SYKL-matematik-illustration-2-480x480.jpg 480w\" sizes=\"(max-width: 1024px) 100vw, 1024px\" \/>\t\t\t\t\t\t\t\t\t\t\t\t\t\t<\/div>\n\t\t\t\t\t\t<\/div>\n\t\t\t\t<\/div>\n\t\t\t\t\t\t<\/div>\n\t\t\t\t\t<\/div>\n\t\t<\/div>\n\t\t\t\t<div class=\"elementor-column elementor-col-50 elementor-inner-column elementor-element elementor-element-7b82002\" data-id=\"7b82002\" data-element_type=\"column\">\n\t\t\t<div class=\"elementor-column-wrap elementor-element-populated\">\n\t\t\t\t\t\t\t<div class=\"elementor-widget-wrap\">\n\t\t\t\t\t\t<div class=\"elementor-element elementor-element-6d9a7ed elementor-widget elementor-widget-heading\" data-id=\"6d9a7ed\" data-element_type=\"widget\" data-widget_type=\"heading.default\">\n\t\t\t\t<div class=\"elementor-widget-container\">\n\t\t\t<h2 class=\"elementor-heading-title elementor-size-large\"><a href=\"https:\/\/sykl.digidaktik.dk\/wp-content\/uploads\/2020\/11\/SYKL-laerervejledning-matematik.pdf\">Hent SYKL-l\u00e6rervejledning til matematik her<\/a><\/h2>\t\t<\/div>\n\t\t\t\t<\/div>\n\t\t\t\t\t\t<\/div>\n\t\t\t\t\t<\/div>\n\t\t<\/div>\n\t\t\t\t\t\t\t\t<\/div>\n\t\t\t\t\t<\/div>\n\t\t<\/section>\n\t\t\t\t\t\t<\/div>\n\t\t\t\t\t<\/div>\n\t\t<\/div>\n\t\t\t\t\t\t\t\t<\/div>\n\t\t\t\t\t<\/div>\n\t\t<\/section>\n\t\t\t\t\t\t<\/div>\n\t\t\t\t\t\t<\/div>\n\t\t\t\t\t<\/div>\n\t\t","protected":false},"excerpt":{"rendered":"<p>L\u00e6rervejledningen indeholder bl.a. en introduktion til SYKL, hvordan man kan tilrettel\u00e6ggeundervisningsgange med SYKL, sammens\u00e6tte elevpar, bruge hj\u00e6lpekort og i dethele taget implementere SYKL. Hent SYKL-l\u00e6rervejledning til matematik her<\/p>\n","protected":false},"author":1,"featured_media":0,"parent":8,"menu_order":0,"comment_status":"closed","ping_status":"closed","template":"","meta":[],"_links":{"self":[{"href":"https:\/\/sykl.digidaktik.dk\/index.php\/wp-json\/wp\/v2\/pages\/136"}],"collection":[{"href":"https:\/\/sykl.digidaktik.dk\/index.php\/wp-json\/wp\/v2\/pages"}],"about":[{"href":"https:\/\/sykl.digidaktik.dk\/index.php\/wp-json\/wp\/v2\/types\/page"}],"author":[{"embeddable":true,"href":"https:\/\/sykl.digidaktik.dk\/index.php\/wp-json\/wp\/v2\/users\/1"}],"replies":[{"embeddable":true,"href":"https:\/\/sykl.digidaktik.dk\/index.php\/wp-json\/wp\/v2\/comments?post=136"}],"version-history":[{"count":32,"href":"https:\/\/sykl.digidaktik.dk\/index.php\/wp-json\/wp\/v2\/pages\/136\/revisions"}],"predecessor-version":[{"id":658,"href":"https:\/\/sykl.digidaktik.dk\/index.php\/wp-json\/wp\/v2\/pages\/136\/revisions\/658"}],"up":[{"embeddable":true,"href":"https:\/\/sykl.digidaktik.dk\/index.php\/wp-json\/wp\/v2\/pages\/8"}],"wp:attachment":[{"href":"https:\/\/sykl.digidaktik.dk\/index.php\/wp-json\/wp\/v2\/media?parent=136"}],"curies":[{"name":"wp","href":"https:\/\/api.w.org\/{rel}","templated":true}]}}