{"id":128,"date":"2020-09-23T14:16:57","date_gmt":"2020-09-23T14:16:57","guid":{"rendered":"http:\/\/www.sykl.digidaktik.dk\/?page_id=128"},"modified":"2021-01-29T15:22:46","modified_gmt":"2021-01-29T15:22:46","slug":"intropodcast","status":"publish","type":"page","link":"https:\/\/sykl.digidaktik.dk\/index.php\/hjem\/intropodcast\/","title":{"rendered":"Intropodcast"},"content":{"rendered":"\t\t<div data-elementor-type=\"wp-page\" data-elementor-id=\"128\" class=\"elementor elementor-128\" data-elementor-settings=\"[]\">\n\t\t\t\t\t\t<div class=\"elementor-inner\">\n\t\t\t\t\t\t\t<div class=\"elementor-section-wrap\">\n\t\t\t\t\t\t\t<section class=\"elementor-section elementor-top-section elementor-element elementor-element-74e5900 elementor-section-boxed elementor-section-height-default elementor-section-height-default\" data-id=\"74e5900\" data-element_type=\"section\">\n\t\t\t\t\t\t<div class=\"elementor-container elementor-column-gap-default\">\n\t\t\t\t\t\t\t<div class=\"elementor-row\">\n\t\t\t\t\t<div class=\"elementor-column elementor-col-100 elementor-top-column elementor-element elementor-element-508857e\" data-id=\"508857e\" data-element_type=\"column\">\n\t\t\t<div class=\"elementor-column-wrap elementor-element-populated\">\n\t\t\t\t\t\t\t<div class=\"elementor-widget-wrap\">\n\t\t\t\t\t\t<div class=\"elementor-element elementor-element-3106b02 elementor-widget elementor-widget-text-editor\" data-id=\"3106b02\" data-element_type=\"widget\" data-widget_type=\"text-editor.default\">\n\t\t\t\t<div class=\"elementor-widget-container\">\n\t\t\t\t\t\t\t\t<div class=\"elementor-text-editor elementor-clearfix\">\n\t\t\t\t\t<p>I podcasten Velf\u00e6rdsprofeten unders\u00f8ger v\u00e6rterne Lotte Andersen og Maja Haack aktuelle problemstillinger, ny viden og udvikling p\u00e5 velf\u00e6rdsomr\u00e5det, bl.a. til l\u00e6rere. Det sker i samtaler med forskere og fagprofessionelle, der br\u00e6nder for at g\u00f8re en forskel gennem deres fag og profession.<\/p><p><a href=\"https:\/\/podtail.com\/fr\/podcast\/velfaerdsprofeten-1\/-44-sykl-matematik-didaktik-og-social-baeredygtigh\/\" target=\"_blank\" rel=\"noopener\">Denne podcast handler om SYKL.<\/a><\/p>\t\t\t\t\t<\/div>\n\t\t\t\t\t\t<\/div>\n\t\t\t\t<\/div>\n\t\t\t\t\t\t<\/div>\n\t\t\t\t\t<\/div>\n\t\t<\/div>\n\t\t\t\t\t\t\t\t<\/div>\n\t\t\t\t\t<\/div>\n\t\t<\/section>\n\t\t\t\t<section class=\"elementor-section elementor-top-section elementor-element elementor-element-e717bcc elementor-section-boxed elementor-section-height-default elementor-section-height-default\" data-id=\"e717bcc\" data-element_type=\"section\">\n\t\t\t\t\t\t<div class=\"elementor-container elementor-column-gap-default\">\n\t\t\t\t\t\t\t<div class=\"elementor-row\">\n\t\t\t\t\t<div class=\"elementor-column elementor-col-100 elementor-top-column elementor-element elementor-element-ce3cbc0\" data-id=\"ce3cbc0\" data-element_type=\"column\">\n\t\t\t<div class=\"elementor-column-wrap elementor-element-populated\">\n\t\t\t\t\t\t\t<div class=\"elementor-widget-wrap\">\n\t\t\t\t\t\t<div class=\"elementor-element elementor-element-cff37dc elementor-widget elementor-widget-image\" data-id=\"cff37dc\" data-element_type=\"widget\" data-widget_type=\"image.default\">\n\t\t\t\t<div class=\"elementor-widget-container\">\n\t\t\t\t\t\t\t\t<div class=\"elementor-image\">\n\t\t\t\t\t\t\t\t\t\t\t\t<img width=\"761\" height=\"177\" src=\"https:\/\/sykl.digidaktik.dk\/wp-content\/uploads\/2021\/01\/Podcast.png\" class=\"attachment-large size-large\" alt=\"\" loading=\"lazy\" srcset=\"https:\/\/sykl.digidaktik.dk\/wp-content\/uploads\/2021\/01\/Podcast.png 761w, https:\/\/sykl.digidaktik.dk\/wp-content\/uploads\/2021\/01\/Podcast-300x70.png 300w, https:\/\/sykl.digidaktik.dk\/wp-content\/uploads\/2021\/01\/Podcast-230x53.png 230w, https:\/\/sykl.digidaktik.dk\/wp-content\/uploads\/2021\/01\/Podcast-350x81.png 350w, https:\/\/sykl.digidaktik.dk\/wp-content\/uploads\/2021\/01\/Podcast-480x112.png 480w\" sizes=\"(max-width: 761px) 100vw, 761px\" \/>\t\t\t\t\t\t\t\t\t\t\t\t\t\t<\/div>\n\t\t\t\t\t\t<\/div>\n\t\t\t\t<\/div>\n\t\t\t\t\t\t<\/div>\n\t\t\t\t\t<\/div>\n\t\t<\/div>\n\t\t\t\t\t\t\t\t<\/div>\n\t\t\t\t\t<\/div>\n\t\t<\/section>\n\t\t\t\t\t\t<\/div>\n\t\t\t\t\t\t<\/div>\n\t\t\t\t\t<\/div>\n\t\t","protected":false},"excerpt":{"rendered":"<p>I podcasten Velf\u00e6rdsprofeten unders\u00f8ger v\u00e6rterne Lotte Andersen og Maja Haack aktuelle problemstillinger, ny viden og udvikling p\u00e5 velf\u00e6rdsomr\u00e5det, bl.a. til l\u00e6rere. Det sker i samtaler med forskere og fagprofessionelle, der br\u00e6nder for at g\u00f8re en forskel gennem deres fag og profession. Denne podcast handler om SYKL.<\/p>\n","protected":false},"author":1,"featured_media":0,"parent":7,"menu_order":0,"comment_status":"closed","ping_status":"closed","template":"","meta":[],"_links":{"self":[{"href":"https:\/\/sykl.digidaktik.dk\/index.php\/wp-json\/wp\/v2\/pages\/128"}],"collection":[{"href":"https:\/\/sykl.digidaktik.dk\/index.php\/wp-json\/wp\/v2\/pages"}],"about":[{"href":"https:\/\/sykl.digidaktik.dk\/index.php\/wp-json\/wp\/v2\/types\/page"}],"author":[{"embeddable":true,"href":"https:\/\/sykl.digidaktik.dk\/index.php\/wp-json\/wp\/v2\/users\/1"}],"replies":[{"embeddable":true,"href":"https:\/\/sykl.digidaktik.dk\/index.php\/wp-json\/wp\/v2\/comments?post=128"}],"version-history":[{"count":13,"href":"https:\/\/sykl.digidaktik.dk\/index.php\/wp-json\/wp\/v2\/pages\/128\/revisions"}],"predecessor-version":[{"id":781,"href":"https:\/\/sykl.digidaktik.dk\/index.php\/wp-json\/wp\/v2\/pages\/128\/revisions\/781"}],"up":[{"embeddable":true,"href":"https:\/\/sykl.digidaktik.dk\/index.php\/wp-json\/wp\/v2\/pages\/7"}],"wp:attachment":[{"href":"https:\/\/sykl.digidaktik.dk\/index.php\/wp-json\/wp\/v2\/media?parent=128"}],"curies":[{"name":"wp","href":"https:\/\/api.w.org\/{rel}","templated":true}]}}